{"id":1,"date":"2014-03-25T21:11:53","date_gmt":"2014-03-25T19:11:53","guid":{"rendered":"http:\/\/vogueetvoyage.wordpress.com\/?page_id=1"},"modified":"2024-05-24T21:33:09","modified_gmt":"2024-05-24T19:33:09","slug":"about","status":"publish","type":"page","link":"https:\/\/jeanyroge.com\/home\/home\/about\/","title":{"rendered":"About"},"content":{"rendered":"<p style=\"text-align: justify;\"><strong>JEANY ROGE<\/strong>\u00a0is a <i>fashion and travel blog, <\/i>and also my name\u00a0as you could\u00a0probably guess. It&#8217;s all about my personal style, new trends and what inspires me.<\/p>\n<p style=\"text-align: justify;\">However let&#8217;s start with a few facts about me: I&#8217;m Jeany, a twenty-eight years old Social Media expert and Content Creator from Germany, who is passionate about (surprise surprise) fashion and traveling.<br \/>\n<strong>Fashion<\/strong> is definitely one of my biggest interests. Since I found lookbook.nu, I\u2019ve started reading blogs and got more and more passionate about this topic. Therefore I decided to share my passion with you and founded this blog in March 2014. The blog is offline, however I still share my passion for fashion on TikTok, Pinterest and Like to Know it with you.<\/p>\n<p>My goal is to inspire people and encourage them to wear whatever they want and to find their personal style. I&#8217;m also sharing some fashion advice and styling tips with you occasionally. Personal style means to break out of the mass, to be different and to show your personality with what you&#8217;re wearing. With the words of Ralph Lauren:<\/p>\n<p style=\"text-align: center;\"><span style=\"color: #333333;\"><em>\u201ePersonal style is about taking a risk, trying something unexpected, and having fun with fashion, but always being true to yourself.\u201c<\/em><\/span><\/p>\n<p style=\"text-align: justify;\">Another passion of mine is\u00a0<strong>traveling<\/strong>. I love to discover new places and meet new people around the world. The best way to find yourself is definitely to travel a lot.<br \/>\nIf you have any questions about me or my blog feel free to ask, in form of a comment or as an <a href=\"http:\/\/vogueetvoyage.com\/about\/contact\/\" target=\"_blank\" rel=\"noopener noreferrer\">email<\/a>.<\/p>\n<hr \/>\n<p style=\"text-align: justify;\"><span style=\"color: #808080;\"><strong>JEANY ROGE<\/strong> ist ein <em>Mode und Travel<\/em> Blog, und mein Name, wie ihr sicherlich schon erraten konntet. Auf meinem Blog m\u00f6chte ich meine Leidenschaft f\u00fcr die Mode, alles was mich inspiriert, was ich gerne trage, \u00a0etc. mit euch teilen.\u00a0<\/span><br \/>\n<span style=\"color: #808080;\">Aber erst einmal zu mir: Ich bin Jeany, 28 Jahre jung und arbeitet als Social Media Managerin sowie als Content Creatorin und komme aus Deutschland. Zu einer meiner gr\u00f6\u00dften Leidenschaften z\u00e4hlen (\u00dcberraschung, \u00dcberraschung) Mode sowie das Reise.\u00a0<\/span><\/p>\n<p style=\"text-align: justify;\"><span style=\"color: #808080;\">Bei dem Thema <strong>Mode <\/strong>geht es f\u00fcr mich darum sich selbst bzw. alle Facetten seiner Pers\u00f6nlichkeit durch Kleidung ausdr\u00fccken zu k\u00f6nnen. Schon als dreij\u00e4hriges Kind habe ich mir meine Klamotten selbst ausgesucht und man konnte schon damals erkennen, wie sehr mich das ganze Thema interessiert. Durch lookbook.nu habe ich dann angefangen Blogs zu lesen mich mehr und mehr f\u00fcr dieses Thema interessiert. Deshalb habe ich mich dazu entschieden meine Leidenschaft mit euch zu teilen und diesen Blog im M\u00e4rz 2014 gegr\u00fcndet. Der Blog ist jedoch mittlerweile offline. Mode Content findet ihr dennoch auf meinem TikTok, Pinterest und Like to Know it Profil in F\u00fclle.\u00a0<\/span><\/p>\n<p><span style=\"color: #808080;\">Ich m\u00f6chte andere Frauen dazu inspirieren ihren pers\u00f6nlichen Stil zu finden und dabei auch mal mutiger bei der Auswahl ihrer Kleidung zu sein. Pers\u00f6nlicher Stil hei\u00dft aus der Masse hervorzutreten, anders zu sein und mit dem was man tr\u00e4gt seine Seele nach au\u00dfen zu spiegeln. Mit den Worten von Ralph Lauren: <\/span><\/p>\n<p style=\"text-align: center;\"><span style=\"color: #808080;\"><em>\u201ePersonal style is about taking a risk, trying something unexpected, and having fun with fashion, but always being true to yourself.\u201c<\/em><\/span><\/p>\n<p style=\"text-align: justify;\"><span style=\"color: #808080;\">Eine andere gro\u00dfe Leidenschaft von mir ist das <strong>Reisen<\/strong>. Ich liebe es neue L\u00e4nder und St\u00e4dte zu erkunden und neue Leute \u00fcberall auf der Welt zu treffen. Ich bin der Meinung, dass einer der besten Wege um zu sich selbst zu finden, das Reisen ist.<\/span><br \/>\n<span style=\"color: #808080;\"> Wenn du noch irgendwelche Fragen \u00fcber meinen Blog oder mich hast, kannst du mich gerne kontaktieren indem du ein Kommentar hinterl\u00e4sst oder mir eine <a href=\"http:\/\/vogueetvoyage.com\/about\/contact\/\" target=\"_blank\" rel=\"noopener noreferrer\">Email<\/a> schreibst.<\/span><\/p>\n<p style=\"text-align: justify;\">\n","protected":false},"excerpt":{"rendered":"<p>JEANY ROGE\u00a0is a fashion and travel blog, and also my name\u00a0as you could\u00a0probably guess. It&#8217;s all about my personal style, new trends and what inspires me. However let&#8217;s start with a few facts about me: I&#8217;m Jeany, a twenty-eight years old Social Media expert and Content Creator from Germany, who is passionate about (surprise surprise) fashion and traveling. Fashion is definitely one of my biggest interests. Since I found lookbook.nu, I\u2019ve started reading blogs and got more and more passionate about this topic. Therefore I decided to share my passion with you and founded this blog in March 2014. The blog is offline, however I still share my passion for fashion on TikTok, Pinterest and Like to Know it with you. My goal is to inspire people and encourage them to wear whatever they want and to find their personal style. I&#8217;m also sharing some fashion advice and styling tips&hellip;<\/p>\n","protected":false},"author":1,"featured_media":0,"parent":0,"menu_order":0,"comment_status":"closed","ping_status":"closed","template":"","meta":{"jetpack_post_was_ever_published":false,"footnotes":""},"class_list":["post-1","page","type-page","status-publish","hentry"],"jetpack_likes_enabled":false,"jetpack_shortlink":"https:\/\/wp.me\/P6ZWvA-1","jetpack_sharing_enabled":true,"_links":{"self":[{"href":"https:\/\/jeanyroge.com\/home\/home\/wp-json\/wp\/v2\/pages\/1","targetHints":{"allow":["GET"]}}],"collection":[{"href":"https:\/\/jeanyroge.com\/home\/home\/wp-json\/wp\/v2\/pages"}],"about":[{"href":"https:\/\/jeanyroge.com\/home\/home\/wp-json\/wp\/v2\/types\/page"}],"author":[{"embeddable":true,"href":"https:\/\/jeanyroge.com\/home\/home\/wp-json\/wp\/v2\/users\/1"}],"replies":[{"embeddable":true,"href":"https:\/\/jeanyroge.com\/home\/home\/wp-json\/wp\/v2\/comments?post=1"}],"version-history":[{"count":34,"href":"https:\/\/jeanyroge.com\/home\/home\/wp-json\/wp\/v2\/pages\/1\/revisions"}],"predecessor-version":[{"id":6981,"href":"https:\/\/jeanyroge.com\/home\/home\/wp-json\/wp\/v2\/pages\/1\/revisions\/6981"}],"wp:attachment":[{"href":"https:\/\/jeanyroge.com\/home\/home\/wp-json\/wp\/v2\/media?parent=1"}],"curies":[{"name":"wp","href":"https:\/\/api.w.org\/{rel}","templated":true}]}}